{"id":15163,"date":"2026-04-13T06:11:59","date_gmt":"2026-04-13T06:11:59","guid":{"rendered":"https:\/\/www.bcnmetropol.com\/school\/?page_id=15163"},"modified":"2026-04-17T11:15:08","modified_gmt":"2026-04-17T11:15:08","slug":"empresas-y-entidades-publicas","status":"publish","type":"page","link":"https:\/\/www.bcnmetropol.com\/school\/empresas-y-entidades-publicas\/","title":{"rendered":"Empresas y entidades p\u00fablicas"},"content":{"rendered":"<p>[et_pb_section fb_built=&#8221;1&#8243; fullwidth=&#8221;on&#8221; _builder_version=&#8221;4.16&#8243; custom_padding=&#8221;0px|0px|0|0px|false|false&#8221; da_disable_devices=&#8221;off|off|off&#8221; global_colors_info=&#8221;{}&#8221; da_is_popup=&#8221;off&#8221; da_exit_intent=&#8221;off&#8221; da_has_close=&#8221;on&#8221; da_alt_close=&#8221;off&#8221; da_dark_close=&#8221;off&#8221; da_not_modal=&#8221;on&#8221; da_is_singular=&#8221;off&#8221; da_with_loader=&#8221;off&#8221; da_has_shadow=&#8221;on&#8221;][et_pb_fullwidth_slider _builder_version=&#8221;4.16&#8243; header_font=&#8221;||||||||&#8221; global_colors_info=&#8221;{}&#8221;][et_pb_slide heading=&#8221;Bcn Metropol Language School&#8221; _builder_version=&#8221;4.16&#8243; header_level=&#8221;h2&#8243; header_font=&#8221;Montserrat|800|||||||&#8221; header_font_size=&#8221;52px&#8221; background_color=&#8221;#ffffff&#8221; background_image=&#8221;http:\/\/www.bcnmetropol.com\/school\/wp-content\/uploads\/2019\/05\/fotolia_36940064_subscription_monthly_m-school.jpg&#8221; custom_button=&#8221;on&#8221; button_text_color=&#8221;#ffffff&#8221; button_bg_color=&#8221;#A42822&#8243; button_font=&#8221;||||||||&#8221; header_text_shadow_style=&#8221;preset1&#8243; global_colors_info=&#8221;{}&#8221; button_bg_color__hover_enabled=&#8221;on&#8221; button_bg_color__hover=&#8221;#000000&#8243; sticky_transition=&#8221;on&#8221;][\/et_pb_slide][\/et_pb_fullwidth_slider][\/et_pb_section][et_pb_section fb_built=&#8221;1&#8243; admin_label=&#8221;Subscribe&#8221; _builder_version=&#8221;4.16&#8243; background_repeat=&#8221;repeat&#8221; custom_margin=&#8221;|||&#8221; custom_padding=&#8221;0|0|151px||false|false&#8221; top_divider_color=&#8221;rgba(0,0,0,0)&#8221; top_divider_height=&#8221;6vw&#8221; bottom_divider_color=&#8221;rgba(0,0,0,0)&#8221; bottom_divider_height=&#8221;19vw&#8221; bottom_divider_arrangement=&#8221;above_content&#8221; da_disable_devices=&#8221;off|off|off&#8221; box_shadow_style=&#8221;preset7&#8243; box_shadow_horizontal=&#8221;0px&#8221; box_shadow_vertical=&#8221;-80px&#8221; box_shadow_color=&#8221;#ffffff&#8221; global_colors_info=&#8221;{}&#8221; da_is_popup=&#8221;off&#8221; da_exit_intent=&#8221;off&#8221; da_has_close=&#8221;on&#8221; da_alt_close=&#8221;off&#8221; da_dark_close=&#8221;off&#8221; da_not_modal=&#8221;on&#8221; da_is_singular=&#8221;off&#8221; da_with_loader=&#8221;off&#8221; da_has_shadow=&#8221;on&#8221;][et_pb_row use_custom_gutter=&#8221;on&#8221; gutter_width=&#8221;4&#8243; _builder_version=&#8221;4.16&#8243; custom_padding=&#8221;60px|0px|5px|0px|false|false&#8221; global_colors_info=&#8221;{}&#8221;][et_pb_column type=&#8221;4_4&#8243; _builder_version=&#8221;4.16&#8243; custom_padding=&#8221;|||&#8221; global_colors_info=&#8221;{}&#8221; custom_padding__hover=&#8221;|||&#8221;][et_pb_text _builder_version=&#8221;4.27.6&#8243; text_font=&#8221;||||||||&#8221; text_font_size=&#8221;16px&#8221; text_line_height=&#8221;2em&#8221; header_font=&#8221;Merriweather|700|||||||&#8221; header_text_align=&#8221;left&#8221; header_font_size=&#8221;35px&#8221; header_line_height=&#8221;1.3em&#8221; header_4_font=&#8221;|700|||||||&#8221; header_4_text_color=&#8221;#065b87&#8243; header_4_font_size=&#8221;24px&#8221; header_4_letter_spacing=&#8221;2px&#8221; header_4_line_height=&#8221;2em&#8221; text_orientation=&#8221;justified&#8221; custom_margin=&#8221;||18px|||&#8221; custom_padding=&#8221;0px||||false|false&#8221; text_font_size_tablet=&#8221;&#8221; text_font_size_phone=&#8221;15px&#8221; text_font_size_last_edited=&#8221;on|desktop&#8221; text_line_height_tablet=&#8221;&#8221; text_line_height_phone=&#8221;1.6em&#8221; text_line_height_last_edited=&#8221;on|phone&#8221; header_font_size_tablet=&#8221;40px&#8221; header_font_size_phone=&#8221;30px&#8221; header_font_size_last_edited=&#8221;on|phone&#8221; global_colors_info=&#8221;{}&#8221;]<\/p>\n<h1 style=\"text-align: left;\"><span>Empresas y sector p\u00fablico<\/span><\/h1>\n<p>[\/et_pb_text][et_pb_text _builder_version=&#8221;4.27.6&#8243; _module_preset=&#8221;default&#8221; text_font_size=&#8221;18px&#8221; text_line_height=&#8221;1.6em&#8221; custom_margin=&#8221;||40px|||&#8221; hover_enabled=&#8221;0&#8243; text_font_size_tablet=&#8221;18px&#8221; text_font_size_phone=&#8221;18px&#8221; text_font_size_last_edited=&#8221;on|desktop&#8221; global_colors_info=&#8221;{}&#8221; sticky_enabled=&#8221;0&#8243;]<\/p>\n<p>Ofrecemos ingl\u00e9s para empresas, catal\u00e1n y castellano para extranjeros.<\/p>\n<p>A lo largo de nuestra trayectoria, hemos desarrollado e impartido servicios de formaci\u00f3n para empresas privadas y organismos p\u00fablicos, adaptando cada intervenci\u00f3n a las necesidades espec\u00edficas de cada entidad. Nuestra experiencia abarca formaci\u00f3n privada, proyectos vinculados a licitaciones, formaci\u00f3n subvencionada y acciones a medida.<\/p>\n<p>Trabajamos con un enfoque orientado a resultados, garantizando la adecuaci\u00f3n metodol\u00f3gica, la calidad pedag\u00f3gica y el cumplimiento de los est\u00e1ndares exigidos en entornos corporativos e institucionales. Ello nos permite operar con solvencia en contextos de alta exigencia, donde la planificaci\u00f3n, el seguimiento y la trazabilidad del servicio resultan esenciales.<\/p>\n<p>Contamos con experiencia en la ejecuci\u00f3n de servicios formativos de varios idiomas, habilidades transversales, interpersonales, inteligencia emocional, talleres de salud, memoria y mucho m\u00e1s.<\/p>\n<p>Nuestra participaci\u00f3n ha incluido la impartici\u00f3n directa, as\u00ed como la coordinaci\u00f3n, seguimiento y evaluaci\u00f3n de programas formativos.<\/p>\n<p>[\/et_pb_text][\/et_pb_column][\/et_pb_row][et_pb_row _builder_version=&#8221;4.27.6&#8243; _module_preset=&#8221;default&#8221; custom_padding=&#8221;||0px|||&#8221; global_colors_info=&#8221;{}&#8221;][et_pb_column type=&#8221;4_4&#8243; _builder_version=&#8221;4.27.6&#8243; _module_preset=&#8221;default&#8221; global_colors_info=&#8221;{}&#8221;][et_pb_text _builder_version=&#8221;4.27.6&#8243; text_font=&#8221;||||||||&#8221; text_font_size=&#8221;16px&#8221; text_line_height=&#8221;2em&#8221; header_font=&#8221;Merriweather|700|||||||&#8221; header_text_align=&#8221;left&#8221; header_font_size=&#8221;35px&#8221; header_line_height=&#8221;1.3em&#8221; header_4_font=&#8221;|700|||||||&#8221; header_4_text_color=&#8221;#065b87&#8243; header_4_font_size=&#8221;24px&#8221; header_4_letter_spacing=&#8221;2px&#8221; header_4_line_height=&#8221;2em&#8221; text_orientation=&#8221;justified&#8221; custom_margin=&#8221;||18px|||&#8221; custom_padding=&#8221;0px||||false|false&#8221; text_font_size_tablet=&#8221;&#8221; text_font_size_phone=&#8221;15px&#8221; text_font_size_last_edited=&#8221;on|desktop&#8221; text_line_height_tablet=&#8221;&#8221; text_line_height_phone=&#8221;1.6em&#8221; text_line_height_last_edited=&#8221;on|phone&#8221; header_font_size_tablet=&#8221;50px&#8221; header_font_size_phone=&#8221;32px&#8221; header_font_size_last_edited=&#8221;on|phone&#8221; border_width_bottom=&#8221;1px&#8221; global_colors_info=&#8221;{}&#8221;]<\/p>\n<h3>Entidades p\u00fablicas<\/h3>\n<p>[\/et_pb_text][\/et_pb_column][\/et_pb_row][et_pb_row column_structure=&#8221;1_4,1_4,1_4,1_4&#8243; _builder_version=&#8221;4.27.6&#8243; custom_padding=&#8221;|20px||20px|false|true&#8221; global_colors_info=&#8221;{}&#8221;][et_pb_column type=&#8221;1_4&#8243; _builder_version=&#8221;4.16&#8243; custom_padding=&#8221;|||&#8221; global_colors_info=&#8221;{}&#8221; custom_padding__hover=&#8221;|||&#8221;][et_pb_image src=&#8221;https:\/\/www.bcnmetropol.com\/school\/wp-content\/uploads\/2026\/04\/logo_ajuntament.jpg&#8221; title_text=&#8221;Ajuntament de L\u2019hospitalet del Llobregat&#8221; align=&#8221;center&#8221; _builder_version=&#8221;4.27.6&#8243; _module_preset=&#8221;default&#8221; global_colors_info=&#8221;{}&#8221;][\/et_pb_image][\/et_pb_column][et_pb_column type=&#8221;1_4&#8243; _builder_version=&#8221;4.16&#8243; global_colors_info=&#8221;{}&#8221;][et_pb_image src=&#8221;https:\/\/www.bcnmetropol.com\/school\/wp-content\/uploads\/2026\/04\/LogosAj_4T2L.jpg&#8221; title_text=&#8221;Ajuntament de Sant Adri\u00e0 del Bes\u00f2s&#8221; align=&#8221;center&#8221; _builder_version=&#8221;4.27.6&#8243; _module_preset=&#8221;default&#8221; global_colors_info=&#8221;{}&#8221;][\/et_pb_image][\/et_pb_column][et_pb_column type=&#8221;1_4&#8243; _builder_version=&#8221;4.16&#8243; global_colors_info=&#8221;{}&#8221;][et_pb_image src=&#8221;https:\/\/www.bcnmetropol.com\/school\/wp-content\/uploads\/2026\/04\/2_horitzontal_color.jpg&#8221; title_text=&#8221;Ajuntament de Riudoms&#8221; align=&#8221;center&#8221; _builder_version=&#8221;4.27.6&#8243; _module_preset=&#8221;default&#8221; global_colors_info=&#8221;{}&#8221;][\/et_pb_image][\/et_pb_column][et_pb_column type=&#8221;1_4&#8243; _builder_version=&#8221;4.16&#8243; global_colors_info=&#8221;{}&#8221;][et_pb_image src=&#8221;https:\/\/www.bcnmetropol.com\/school\/wp-content\/uploads\/2026\/04\/TV3.svg_.jpg&#8221; title_text=&#8221;TV3&#8243; align=&#8221;center&#8221; _builder_version=&#8221;4.27.6&#8243; _module_preset=&#8221;default&#8221; hover_enabled=&#8221;0&#8243; global_colors_info=&#8221;{}&#8221; sticky_enabled=&#8221;0&#8243;][\/et_pb_image][\/et_pb_column][\/et_pb_row][et_pb_row column_structure=&#8221;1_4,1_4,1_4,1_4&#8243; _builder_version=&#8221;4.16&#8243; custom_padding=&#8221;|20px||20px|false|true&#8221; global_colors_info=&#8221;{}&#8221;][et_pb_column type=&#8221;1_4&#8243; _builder_version=&#8221;4.16&#8243; custom_padding=&#8221;|||&#8221; global_colors_info=&#8221;{}&#8221; custom_padding__hover=&#8221;|||&#8221;][et_pb_image src=&#8221;https:\/\/www.bcnmetropol.com\/school\/wp-content\/uploads\/2026\/04\/caoc_h.jpg&#8221; title_text=&#8221;Administraci\u00f3 Oberta de Catalunya&#8221; align=&#8221;center&#8221; _builder_version=&#8221;4.27.6&#8243; _module_preset=&#8221;default&#8221; global_colors_info=&#8221;{}&#8221;][\/et_pb_image][\/et_pb_column][et_pb_column type=&#8221;1_4&#8243; _builder_version=&#8221;4.16&#8243; global_colors_info=&#8221;{}&#8221;][et_pb_image src=&#8221;https:\/\/www.bcnmetropol.com\/school\/wp-content\/uploads\/2026\/04\/Ministry_of_Justice_of_the_Republic_of_Korea_Logo_vertical.svg_.jpg&#8221; title_text=&#8221;Ministerio de Justicia de Corea del Sur&#8221; align=&#8221;center&#8221; _builder_version=&#8221;4.27.6&#8243; _module_preset=&#8221;default&#8221; global_colors_info=&#8221;{}&#8221;][\/et_pb_image][\/et_pb_column][et_pb_column type=&#8221;1_4&#8243; _builder_version=&#8221;4.16&#8243; global_colors_info=&#8221;{}&#8221;][et_pb_image src=&#8221;https:\/\/www.bcnmetropol.com\/school\/wp-content\/uploads\/2026\/04\/Logo-cepaim-color-horizontal.jpg&#8221; title_text=&#8221;Fundacnion Cepaim&#8221; align=&#8221;center&#8221; _builder_version=&#8221;4.27.6&#8243; _module_preset=&#8221;default&#8221; hover_enabled=&#8221;0&#8243; global_colors_info=&#8221;{}&#8221; sticky_enabled=&#8221;0&#8243;][\/et_pb_image][\/et_pb_column][et_pb_column type=&#8221;1_4&#8243; _builder_version=&#8221;4.16&#8243; global_colors_info=&#8221;{}&#8221;][et_pb_image src=&#8221;https:\/\/www.bcnmetropol.com\/school\/wp-content\/uploads\/2026\/04\/cear.jpg&#8221; title_text=&#8221;CEAR&#8221; align=&#8221;center&#8221; _builder_version=&#8221;4.27.6&#8243; _module_preset=&#8221;default&#8221; global_colors_info=&#8221;{}&#8221;][\/et_pb_image][\/et_pb_column][\/et_pb_row][et_pb_row _builder_version=&#8221;4.27.6&#8243; _module_preset=&#8221;default&#8221; custom_padding=&#8221;40px||0px||false|false&#8221; global_colors_info=&#8221;{}&#8221;][et_pb_column type=&#8221;4_4&#8243; _builder_version=&#8221;4.27.6&#8243; _module_preset=&#8221;default&#8221; global_colors_info=&#8221;{}&#8221;][et_pb_text _builder_version=&#8221;4.27.6&#8243; text_font=&#8221;||||||||&#8221; text_font_size=&#8221;16px&#8221; text_line_height=&#8221;2em&#8221; header_font=&#8221;Merriweather|700|||||||&#8221; header_text_align=&#8221;left&#8221; header_font_size=&#8221;35px&#8221; header_line_height=&#8221;1.3em&#8221; header_4_font=&#8221;|700|||||||&#8221; header_4_text_color=&#8221;#065b87&#8243; header_4_font_size=&#8221;24px&#8221; header_4_letter_spacing=&#8221;2px&#8221; header_4_line_height=&#8221;2em&#8221; text_orientation=&#8221;justified&#8221; custom_margin=&#8221;||18px|||&#8221; custom_padding=&#8221;0px||||false|false&#8221; text_font_size_tablet=&#8221;&#8221; text_font_size_phone=&#8221;15px&#8221; text_font_size_last_edited=&#8221;on|desktop&#8221; text_line_height_tablet=&#8221;&#8221; text_line_height_phone=&#8221;1.6em&#8221; text_line_height_last_edited=&#8221;on|phone&#8221; header_font_size_tablet=&#8221;50px&#8221; header_font_size_phone=&#8221;32px&#8221; header_font_size_last_edited=&#8221;on|phone&#8221; border_width_bottom=&#8221;1px&#8221; global_colors_info=&#8221;{}&#8221;]<\/p>\n<h3>Empresas privadas<\/h3>\n<p>[\/et_pb_text][\/et_pb_column][\/et_pb_row][et_pb_row column_structure=&#8221;1_4,1_4,1_4,1_4&#8243; _builder_version=&#8221;4.16&#8243; custom_padding=&#8221;|20px||20px|false|true&#8221; global_colors_info=&#8221;{}&#8221;][et_pb_column type=&#8221;1_4&#8243; _builder_version=&#8221;4.16&#8243; custom_padding=&#8221;|||&#8221; global_colors_info=&#8221;{}&#8221; custom_padding__hover=&#8221;|||&#8221;][et_pb_image src=&#8221;https:\/\/www.bcnmetropol.com\/school\/wp-content\/uploads\/2026\/04\/1741603543panasonic.jpg&#8221; title_text=&#8221;Panasonic Iberia, S.A&#8221; align=&#8221;center&#8221; _builder_version=&#8221;4.27.6&#8243; _module_preset=&#8221;default&#8221; global_colors_info=&#8221;{}&#8221;][\/et_pb_image][\/et_pb_column][et_pb_column type=&#8221;1_4&#8243; _builder_version=&#8221;4.16&#8243; global_colors_info=&#8221;{}&#8221;][et_pb_image src=&#8221;https:\/\/www.bcnmetropol.com\/school\/wp-content\/uploads\/2026\/04\/41-logo.jpg&#8221; title_text=&#8221;Nestl\u00e9 Hellas, SA&#8221; align=&#8221;center&#8221; _builder_version=&#8221;4.27.6&#8243; _module_preset=&#8221;default&#8221; global_colors_info=&#8221;{}&#8221;][\/et_pb_image][\/et_pb_column][et_pb_column type=&#8221;1_4&#8243; _builder_version=&#8221;4.16&#8243; global_colors_info=&#8221;{}&#8221;][et_pb_image src=&#8221;https:\/\/www.bcnmetropol.com\/school\/wp-content\/uploads\/2026\/04\/Logo_Royal_Air_Maroc.svg_.jpg&#8221; title_text=&#8221;Royal Air Maroc&#8221; align=&#8221;center&#8221; _builder_version=&#8221;4.27.6&#8243; _module_preset=&#8221;default&#8221; global_colors_info=&#8221;{}&#8221;][\/et_pb_image][\/et_pb_column][et_pb_column type=&#8221;1_4&#8243; _builder_version=&#8221;4.16&#8243; global_colors_info=&#8221;{}&#8221;][et_pb_image src=&#8221;https:\/\/www.bcnmetropol.com\/school\/wp-content\/uploads\/2026\/04\/logo-ibm-1.jpg&#8221; title_text=&#8221;IBM Espa\u00f1a&#8221; align=&#8221;center&#8221; _builder_version=&#8221;4.27.6&#8243; _module_preset=&#8221;default&#8221; global_colors_info=&#8221;{}&#8221;][\/et_pb_image][\/et_pb_column][\/et_pb_row][et_pb_row column_structure=&#8221;1_4,1_4,1_4,1_4&#8243; _builder_version=&#8221;4.16&#8243; custom_padding=&#8221;|20px||20px|false|true&#8221; global_colors_info=&#8221;{}&#8221;][et_pb_column type=&#8221;1_4&#8243; _builder_version=&#8221;4.16&#8243; custom_padding=&#8221;|||&#8221; global_colors_info=&#8221;{}&#8221; custom_padding__hover=&#8221;|||&#8221;][et_pb_image src=&#8221;https:\/\/www.bcnmetropol.com\/school\/wp-content\/uploads\/2026\/04\/logo.jpg&#8221; title_text=&#8221;Interhome Espa\u00f1a SRL&#8221; align=&#8221;center&#8221; _builder_version=&#8221;4.27.6&#8243; _module_preset=&#8221;default&#8221; global_colors_info=&#8221;{}&#8221;][\/et_pb_image][\/et_pb_column][et_pb_column type=&#8221;1_4&#8243; _builder_version=&#8221;4.16&#8243; global_colors_info=&#8221;{}&#8221;][et_pb_image src=&#8221;https:\/\/www.bcnmetropol.com\/school\/wp-content\/uploads\/2026\/04\/Hard_Rock_International_New_Logo.jpg&#8221; title_text=&#8221;Hard Rock Spain, SA&#8221; align=&#8221;center&#8221; _builder_version=&#8221;4.27.6&#8243; _module_preset=&#8221;default&#8221; global_colors_info=&#8221;{}&#8221;][\/et_pb_image][\/et_pb_column][et_pb_column type=&#8221;1_4&#8243; _builder_version=&#8221;4.16&#8243; global_colors_info=&#8221;{}&#8221;][et_pb_image src=&#8221;https:\/\/www.bcnmetropol.com\/school\/wp-content\/uploads\/2026\/04\/Logo_Bayer.jpg&#8221; title_text=&#8221;Qu\u00edmica Farmace\u00fatica Bayer, SA&#8221; align=&#8221;center&#8221; _builder_version=&#8221;4.27.6&#8243; _module_preset=&#8221;default&#8221; global_colors_info=&#8221;{}&#8221;][\/et_pb_image][\/et_pb_column][et_pb_column type=&#8221;1_4&#8243; _builder_version=&#8221;4.16&#8243; global_colors_info=&#8221;{}&#8221;][et_pb_image src=&#8221;https:\/\/www.bcnmetropol.com\/school\/wp-content\/uploads\/2026\/04\/El_Pais_logo_2007.svg_-1.jpg&#8221; title_text=&#8221;El Pa\u00eds, SL&#8221; align=&#8221;center&#8221; _builder_version=&#8221;4.27.6&#8243; _module_preset=&#8221;default&#8221; global_colors_info=&#8221;{}&#8221;][\/et_pb_image][\/et_pb_column][\/et_pb_row][et_pb_row column_structure=&#8221;1_4,1_4,1_4,1_4&#8243; _builder_version=&#8221;4.16&#8243; custom_padding=&#8221;|20px||20px|false|true&#8221; global_colors_info=&#8221;{}&#8221;][et_pb_column type=&#8221;1_4&#8243; _builder_version=&#8221;4.16&#8243; custom_padding=&#8221;|||&#8221; global_colors_info=&#8221;{}&#8221; custom_padding__hover=&#8221;|||&#8221;][et_pb_image src=&#8221;https:\/\/www.bcnmetropol.com\/school\/wp-content\/uploads\/2026\/04\/hp-logo-03-freelogovectors.net_.jpg&#8221; title_text=&#8221;Hewlett-Packard Espa\u00f1ola, SL (H.P)&#8221; align=&#8221;center&#8221; _builder_version=&#8221;4.27.6&#8243; _module_preset=&#8221;default&#8221; global_colors_info=&#8221;{}&#8221;][\/et_pb_image][\/et_pb_column][et_pb_column type=&#8221;1_4&#8243; _builder_version=&#8221;4.16&#8243; global_colors_info=&#8221;{}&#8221;][\/et_pb_column][et_pb_column type=&#8221;1_4&#8243; _builder_version=&#8221;4.16&#8243; global_colors_info=&#8221;{}&#8221;][\/et_pb_column][et_pb_column type=&#8221;1_4&#8243; _builder_version=&#8221;4.16&#8243; global_colors_info=&#8221;{}&#8221;][\/et_pb_column][\/et_pb_row][et_pb_row _builder_version=&#8221;4.27.6&#8243; _module_preset=&#8221;default&#8221; global_colors_info=&#8221;{}&#8221;][et_pb_column type=&#8221;4_4&#8243; _builder_version=&#8221;4.27.6&#8243; _module_preset=&#8221;default&#8221; global_colors_info=&#8221;{}&#8221;][et_pb_text _builder_version=&#8221;4.27.6&#8243; _module_preset=&#8221;default&#8221; hover_enabled=&#8221;0&#8243; global_colors_info=&#8221;{}&#8221; sticky_enabled=&#8221;0&#8243;]<\/p>\n<p>Los logotipos se muestran \u00fanicamente a efectos informativos, corresponden a clientes y entidades para las que se han prestado servicios en distintos proyectos formativos\u00a0sin implicar relaci\u00f3n actual ni aval institucional.<\/p>\n<p>[\/et_pb_text][\/et_pb_column][\/et_pb_row][\/et_pb_section]<\/p>\n","protected":false},"excerpt":{"rendered":"<p>Empresas y sector p\u00fablicoOfrecemos ingl\u00e9s para empresas, catal\u00e1n y castellano para extranjeros. A lo largo de nuestra trayectoria, hemos desarrollado e impartido servicios de formaci\u00f3n para empresas privadas y organismos p\u00fablicos, adaptando cada intervenci\u00f3n a las necesidades espec\u00edficas de cada entidad. Nuestra experiencia abarca formaci\u00f3n privada, proyectos vinculados a licitaciones, formaci\u00f3n subvencionada y acciones a [&hellip;]<\/p>\n","protected":false},"author":1,"featured_media":0,"parent":0,"menu_order":0,"comment_status":"closed","ping_status":"closed","template":"","meta":{"_et_pb_use_builder":"on","_et_pb_old_content":"","_et_gb_content_width":"","footnotes":""},"class_list":["post-15163","page","type-page","status-publish","hentry"],"yoast_head":"<!-- This site is optimized with the Yoast SEO plugin v27.4 - https:\/\/yoast.com\/product\/yoast-seo-wordpress\/ -->\n<title>Empresas y entidades p\u00fablicas - BCN Metropol | language school | Spanish Courses<\/title>\n<meta name=\"description\" content=\"BCN Metropol language school Since 1982 we provide high-quality language training to students of all nationalities.\" \/>\n<meta name=\"robots\" content=\"index, follow, max-snippet:-1, max-image-preview:large, max-video-preview:-1\" \/>\n<link rel=\"canonical\" href=\"https:\/\/www.bcnmetropol.com\/school\/empresas-y-entidades-publicas\/\" \/>\n<meta property=\"og:locale\" content=\"en_US\" \/>\n<meta property=\"og:type\" content=\"article\" \/>\n<meta property=\"og:title\" content=\"Empresas y entidades p\u00fablicas - BCN Metropol | language school | Spanish Courses\" \/>\n<meta property=\"og:description\" content=\"BCN Metropol language school Since 1982 we provide high-quality language training to students of all nationalities.\" \/>\n<meta property=\"og:url\" content=\"https:\/\/www.bcnmetropol.com\/school\/empresas-y-entidades-publicas\/\" \/>\n<meta property=\"og:site_name\" content=\"BCN Metropol\" \/>\n<meta property=\"article:modified_time\" content=\"2026-04-17T11:15:08+00:00\" \/>\n<meta name=\"twitter:card\" content=\"summary_large_image\" \/>\n<meta name=\"twitter:label1\" content=\"Est. reading time\" \/>\n\t<meta name=\"twitter:data1\" content=\"10 minutes\" \/>\n<script type=\"application\/ld+json\" class=\"yoast-schema-graph\">{\"@context\":\"https:\\\/\\\/schema.org\",\"@graph\":[{\"@type\":\"WebPage\",\"@id\":\"https:\\\/\\\/www.bcnmetropol.com\\\/school\\\/empresas-y-entidades-publicas\\\/\",\"url\":\"https:\\\/\\\/www.bcnmetropol.com\\\/school\\\/empresas-y-entidades-publicas\\\/\",\"name\":\"Empresas y entidades p\u00fablicas - BCN Metropol | language school | Spanish Courses\",\"isPartOf\":{\"@id\":\"https:\\\/\\\/www.bcnmetropol.com\\\/school\\\/#website\"},\"datePublished\":\"2026-04-13T06:11:59+00:00\",\"dateModified\":\"2026-04-17T11:15:08+00:00\",\"description\":\"BCN Metropol language school Since 1982 we provide high-quality language training to students of all nationalities.\",\"breadcrumb\":{\"@id\":\"https:\\\/\\\/www.bcnmetropol.com\\\/school\\\/empresas-y-entidades-publicas\\\/#breadcrumb\"},\"inLanguage\":\"en-US\",\"potentialAction\":[{\"@type\":\"ReadAction\",\"target\":[\"https:\\\/\\\/www.bcnmetropol.com\\\/school\\\/empresas-y-entidades-publicas\\\/\"]}]},{\"@type\":\"BreadcrumbList\",\"@id\":\"https:\\\/\\\/www.bcnmetropol.com\\\/school\\\/empresas-y-entidades-publicas\\\/#breadcrumb\",\"itemListElement\":[{\"@type\":\"ListItem\",\"position\":1,\"name\":\"Home\",\"item\":\"https:\\\/\\\/www.bcnmetropol.com\\\/school\\\/\"},{\"@type\":\"ListItem\",\"position\":2,\"name\":\"Empresas y entidades p\u00fablicas\"}]},{\"@type\":\"WebSite\",\"@id\":\"https:\\\/\\\/www.bcnmetropol.com\\\/school\\\/#website\",\"url\":\"https:\\\/\\\/www.bcnmetropol.com\\\/school\\\/\",\"name\":\"BCN Metropol\",\"description\":\"Spanish Courses barcelona | language school\",\"potentialAction\":[{\"@type\":\"SearchAction\",\"target\":{\"@type\":\"EntryPoint\",\"urlTemplate\":\"https:\\\/\\\/www.bcnmetropol.com\\\/school\\\/?s={search_term_string}\"},\"query-input\":{\"@type\":\"PropertyValueSpecification\",\"valueRequired\":true,\"valueName\":\"search_term_string\"}}],\"inLanguage\":\"en-US\"}]}<\/script>\n<!-- \/ Yoast SEO plugin. -->","yoast_head_json":{"title":"Empresas y entidades p\u00fablicas - BCN Metropol | language school | Spanish Courses","description":"BCN Metropol language school Since 1982 we provide high-quality language training to students of all nationalities.","robots":{"index":"index","follow":"follow","max-snippet":"max-snippet:-1","max-image-preview":"max-image-preview:large","max-video-preview":"max-video-preview:-1"},"canonical":"https:\/\/www.bcnmetropol.com\/school\/empresas-y-entidades-publicas\/","og_locale":"en_US","og_type":"article","og_title":"Empresas y entidades p\u00fablicas - BCN Metropol | language school | Spanish Courses","og_description":"BCN Metropol language school Since 1982 we provide high-quality language training to students of all nationalities.","og_url":"https:\/\/www.bcnmetropol.com\/school\/empresas-y-entidades-publicas\/","og_site_name":"BCN Metropol","article_modified_time":"2026-04-17T11:15:08+00:00","twitter_card":"summary_large_image","twitter_misc":{"Est. reading time":"10 minutes"},"schema":{"@context":"https:\/\/schema.org","@graph":[{"@type":"WebPage","@id":"https:\/\/www.bcnmetropol.com\/school\/empresas-y-entidades-publicas\/","url":"https:\/\/www.bcnmetropol.com\/school\/empresas-y-entidades-publicas\/","name":"Empresas y entidades p\u00fablicas - BCN Metropol | language school | Spanish Courses","isPartOf":{"@id":"https:\/\/www.bcnmetropol.com\/school\/#website"},"datePublished":"2026-04-13T06:11:59+00:00","dateModified":"2026-04-17T11:15:08+00:00","description":"BCN Metropol language school Since 1982 we provide high-quality language training to students of all nationalities.","breadcrumb":{"@id":"https:\/\/www.bcnmetropol.com\/school\/empresas-y-entidades-publicas\/#breadcrumb"},"inLanguage":"en-US","potentialAction":[{"@type":"ReadAction","target":["https:\/\/www.bcnmetropol.com\/school\/empresas-y-entidades-publicas\/"]}]},{"@type":"BreadcrumbList","@id":"https:\/\/www.bcnmetropol.com\/school\/empresas-y-entidades-publicas\/#breadcrumb","itemListElement":[{"@type":"ListItem","position":1,"name":"Home","item":"https:\/\/www.bcnmetropol.com\/school\/"},{"@type":"ListItem","position":2,"name":"Empresas y entidades p\u00fablicas"}]},{"@type":"WebSite","@id":"https:\/\/www.bcnmetropol.com\/school\/#website","url":"https:\/\/www.bcnmetropol.com\/school\/","name":"BCN Metropol","description":"Spanish Courses barcelona | language school","potentialAction":[{"@type":"SearchAction","target":{"@type":"EntryPoint","urlTemplate":"https:\/\/www.bcnmetropol.com\/school\/?s={search_term_string}"},"query-input":{"@type":"PropertyValueSpecification","valueRequired":true,"valueName":"search_term_string"}}],"inLanguage":"en-US"}]}},"_links":{"self":[{"href":"https:\/\/www.bcnmetropol.com\/school\/wp-json\/wp\/v2\/pages\/15163","targetHints":{"allow":["GET"]}}],"collection":[{"href":"https:\/\/www.bcnmetropol.com\/school\/wp-json\/wp\/v2\/pages"}],"about":[{"href":"https:\/\/www.bcnmetropol.com\/school\/wp-json\/wp\/v2\/types\/page"}],"author":[{"embeddable":true,"href":"https:\/\/www.bcnmetropol.com\/school\/wp-json\/wp\/v2\/users\/1"}],"replies":[{"embeddable":true,"href":"https:\/\/www.bcnmetropol.com\/school\/wp-json\/wp\/v2\/comments?post=15163"}],"version-history":[{"count":18,"href":"https:\/\/www.bcnmetropol.com\/school\/wp-json\/wp\/v2\/pages\/15163\/revisions"}],"predecessor-version":[{"id":15227,"href":"https:\/\/www.bcnmetropol.com\/school\/wp-json\/wp\/v2\/pages\/15163\/revisions\/15227"}],"wp:attachment":[{"href":"https:\/\/www.bcnmetropol.com\/school\/wp-json\/wp\/v2\/media?parent=15163"}],"curies":[{"name":"wp","href":"https:\/\/api.w.org\/{rel}","templated":true}]}}